{"id":762,"date":"2026-04-08T03:41:19","date_gmt":"2026-04-08T03:41:19","guid":{"rendered":"https:\/\/octiane.com\/?page_id=762"},"modified":"2026-04-08T03:58:51","modified_gmt":"2026-04-08T03:58:51","slug":"politique-de-cookies","status":"publish","type":"page","link":"https:\/\/octiane.com\/index.php\/fr\/politique-de-cookies\/","title":{"rendered":"Politique de Cookies"},"content":{"rendered":"<p><div class=\"fusion-fullwidth fullwidth-box fusion-builder-row-1 fusion-flex-container has-pattern-background has-mask-background nonhundred-percent-fullwidth non-hundred-percent-height-scrolling\" style=\"--awb-border-radius-top-left:0px;--awb-border-radius-top-right:0px;--awb-border-radius-bottom-right:0px;--awb-border-radius-bottom-left:0px;--awb-padding-bottom:100px;--awb-flex-wrap:wrap;\" ><div class=\"fusion-builder-row fusion-row fusion-flex-align-items-flex-start fusion-flex-content-wrap\" style=\"max-width:calc( 1200px + 100px );margin-left: calc(-100px \/ 2 );margin-right: calc(-100px \/ 2 );\"><div class=\"fusion-layout-column fusion_builder_column fusion-builder-column-0 fusion_builder_column_1_1 1_1 fusion-flex-column\" style=\"--awb-bg-size:cover;--awb-width-large:100%;--awb-margin-top-large:0px;--awb-spacing-right-large:50px;--awb-margin-bottom-large:20px;--awb-spacing-left-large:50px;--awb-width-medium:100%;--awb-order-medium:0;--awb-spacing-right-medium:50px;--awb-spacing-left-medium:50px;--awb-width-small:100%;--awb-order-small:0;--awb-spacing-right-small:50px;--awb-spacing-left-small:50px;\"><div class=\"fusion-column-wrapper fusion-column-has-shadow fusion-flex-justify-content-flex-start fusion-content-layout-column\"><div class=\"fusion-title title fusion-title-1 fusion-sep-none fusion-title-text fusion-title-size-three\" style=\"--awb-text-color:var(--awb-color4);--awb-margin-bottom:30px;--awb-margin-top-small:10px;--awb-margin-right-small:0px;--awb-margin-bottom-small:10px;--awb-margin-left-small:0px;--awb-font-size:36px;\"><h3 class=\"fusion-title-heading title-heading-left\" style=\"margin:0;font-size:1em;line-height:20px;\"><p class=\"p1\">Politique de Cookies<\/p><\/h3><\/div><\/div><\/div><div class=\"fusion-layout-column fusion_builder_column fusion-builder-column-1 fusion_builder_column_1_1 1_1 fusion-flex-column\" style=\"--awb-bg-size:cover;--awb-width-large:100%;--awb-margin-top-large:0px;--awb-spacing-right-large:50px;--awb-margin-bottom-large:20px;--awb-spacing-left-large:50px;--awb-width-medium:100%;--awb-order-medium:0;--awb-spacing-right-medium:50px;--awb-spacing-left-medium:50px;--awb-width-small:100%;--awb-order-small:0;--awb-spacing-right-small:50px;--awb-spacing-left-small:50px;\"><div class=\"fusion-column-wrapper fusion-column-has-shadow fusion-flex-justify-content-flex-start fusion-content-layout-column\"><div class=\"fusion-title title fusion-title-2 fusion-sep-none fusion-title-text fusion-title-size-four\" style=\"--awb-text-color:var(--awb-color4);--awb-margin-bottom:30px;--awb-margin-top-small:10px;--awb-margin-right-small:0px;--awb-margin-bottom-small:10px;--awb-margin-left-small:0px;--awb-font-size:18px;\"><h4 class=\"fusion-title-heading title-heading-left\" style=\"margin:0;font-size:1em;line-height:20px;\"><p class=\"p1\"><b>Qu\u2019est-ce qu\u2019un cookie ?<\/b><span class=\"s1\"><br \/>\n<\/span><\/p><\/h4><\/div><div class=\"fusion-text fusion-text-1\" style=\"--awb-font-size:16px;--awb-line-height:30px;\"><p class=\"p1\">Les cookies sont de petits fichiers texte stock\u00e9s sur l\u2019appareil de l\u2019utilisateur lors de la consultation d\u2019un site web. Ils permettent notamment de reconna\u00eetre l\u2019utilisateur, d\u2019obtenir des informations sur ses habitudes de navigation ou de personnaliser l\u2019affichage des contenus.<\/p>\n<\/div><div class=\"fusion-separator fusion-full-width-sep\" style=\"align-self: center;margin-left: auto;margin-right: auto;width:100%;\"><div class=\"fusion-separator-border sep-single sep-solid\" style=\"--awb-height:20px;--awb-amount:20px;--awb-sep-color:var(--awb-color2);border-color:var(--awb-color2);border-top-width:1px;\"><\/div><\/div><\/div><\/div><div class=\"fusion-layout-column fusion_builder_column fusion-builder-column-2 fusion_builder_column_1_1 1_1 fusion-flex-column\" style=\"--awb-bg-size:cover;--awb-width-large:100%;--awb-margin-top-large:0px;--awb-spacing-right-large:50px;--awb-margin-bottom-large:20px;--awb-spacing-left-large:50px;--awb-width-medium:100%;--awb-order-medium:0;--awb-spacing-right-medium:50px;--awb-spacing-left-medium:50px;--awb-width-small:100%;--awb-order-small:0;--awb-spacing-right-small:50px;--awb-spacing-left-small:50px;\"><div class=\"fusion-column-wrapper fusion-column-has-shadow fusion-flex-justify-content-flex-start fusion-content-layout-column\"><div class=\"fusion-title title fusion-title-3 fusion-sep-none fusion-title-text fusion-title-size-four\" style=\"--awb-text-color:var(--awb-color4);--awb-margin-bottom:30px;--awb-margin-top-small:10px;--awb-margin-right-small:0px;--awb-margin-bottom-small:10px;--awb-margin-left-small:0px;--awb-font-size:18px;\"><h4 class=\"fusion-title-heading title-heading-left\" style=\"margin:0;font-size:1em;line-height:20px;\"><p class=\"p1\"><b>Types de cookies utilis\u00e9s sur ce site<\/b><\/p><\/h4><\/div><div class=\"fusion-text fusion-text-2\" style=\"--awb-font-size:16px;--awb-line-height:30px;\"><p class=\"p1\">Ce site web utilise les cat\u00e9gories de cookies suivantes :<\/p>\n<p class=\"p1\"><span class=\"s1\"><b>Cookies techniques (n\u00e9cessaires)<\/b><\/span><br \/>\nCes cookies permettent la navigation et le bon fonctionnement du site. Ils ne n\u00e9cessitent pas le consentement de l\u2019utilisateur.<\/p>\n<p class=\"p1\">Exemple :<\/p>\n<ul class=\"ul1\">\n<li class=\"li1\">cookie_notice_accepted : permet de m\u00e9moriser si l\u2019utilisateur a accept\u00e9 l\u2019utilisation des cookies.<\/li>\n<\/ul>\n<p class=\"p1\"><span class=\"s1\"><b>Cookies d\u2019analyse (statistiques)<\/b><\/span><br \/>\nCes cookies permettent de mesurer et d\u2019analyser le comportement des utilisateurs sur le site.<\/p>\n<p class=\"p1\">Ce site utilise Google Analytics.<\/p>\n<p class=\"p1\">Exemples :<\/p>\n<ul class=\"ul1\">\n<li class=\"li1\">_ga<\/li>\n<li class=\"li1\">_gid<\/li>\n<li class=\"li1\">_gat<\/li>\n<\/ul>\n<p class=\"p1\">Ces cookies collectent des donn\u00e9es de mani\u00e8re anonyme.<\/p>\n<p class=\"p1\"><span class=\"s1\"><b>Cookies de tiers<\/b><\/span><br \/>\nCe site peut utiliser des services tiers installant des cookies afin d\u2019am\u00e9liorer l\u2019exp\u00e9rience utilisateur, tels que :<\/p>\n<ul class=\"ul1\">\n<li class=\"li1\">Google (analyse et services associ\u00e9s)<\/li>\n<li class=\"li1\">Pipedrive (gestion des prospects et clients)<\/li>\n<li class=\"li1\">Crisp (chat en ligne)<\/li>\n<\/ul>\n<p class=\"p1\">Ces tiers peuvent traiter les donn\u00e9es conform\u00e9ment \u00e0 leurs propres politiques de confidentialit\u00e9.<\/p>\n<p class=\"p1\"><span class=\"s1\"><b>Gestion et configuration des cookies<\/b><\/span><br \/>\nL\u2019utilisateur peut accepter, refuser ou configurer l\u2019utilisation des cookies via le bandeau de gestion des cookies pr\u00e9sent sur le site.<\/p>\n<p class=\"p1\">Il est \u00e9galement possible de configurer le navigateur pour autoriser, bloquer ou supprimer les cookies :<\/p>\n<ul class=\"ul1\">\n<li class=\"li1\">Chrome : Param\u00e8tres \u2192 Confidentialit\u00e9 et s\u00e9curit\u00e9 \u2192 Cookies<\/li>\n<li class=\"li1\">Firefox : Pr\u00e9f\u00e9rences \u2192 Vie priv\u00e9e et s\u00e9curit\u00e9<\/li>\n<li class=\"li1\">Safari : Pr\u00e9f\u00e9rences \u2192 Confidentialit\u00e9<\/li>\n<li class=\"li1\">Edge : Param\u00e8tres \u2192 Cookies et autorisations de site<\/li>\n<\/ul>\n<p class=\"p1\">Vous pouvez \u00e9galement d\u00e9sactiver Google Analytics via le lien suivant :<br \/>\n<a href=\"https:\/\/tools.google.com\/dlpage\/gaoptout?hl=fr\"><span class=\"s2\">https:\/\/tools.google.com\/dlpage\/gaoptout?hl=fr<\/span><\/a><\/p>\n<\/div><div class=\"fusion-separator fusion-full-width-sep\" style=\"align-self: center;margin-left: auto;margin-right: auto;width:100%;\"><div class=\"fusion-separator-border sep-single sep-solid\" style=\"--awb-height:20px;--awb-amount:20px;--awb-sep-color:var(--awb-color2);border-color:var(--awb-color2);border-top-width:1px;\"><\/div><\/div><\/div><\/div><div class=\"fusion-layout-column fusion_builder_column fusion-builder-column-3 fusion_builder_column_1_1 1_1 fusion-flex-column\" style=\"--awb-bg-size:cover;--awb-width-large:100%;--awb-margin-top-large:0px;--awb-spacing-right-large:50px;--awb-margin-bottom-large:20px;--awb-spacing-left-large:50px;--awb-width-medium:100%;--awb-order-medium:0;--awb-spacing-right-medium:50px;--awb-spacing-left-medium:50px;--awb-width-small:100%;--awb-order-small:0;--awb-spacing-right-small:50px;--awb-spacing-left-small:50px;\"><div class=\"fusion-column-wrapper fusion-column-has-shadow fusion-flex-justify-content-flex-start fusion-content-layout-column\"><div class=\"fusion-title title fusion-title-4 fusion-sep-none fusion-title-text fusion-title-size-four\" style=\"--awb-text-color:var(--awb-color4);--awb-margin-bottom:30px;--awb-margin-top-small:10px;--awb-margin-right-small:0px;--awb-margin-bottom-small:10px;--awb-margin-left-small:0px;--awb-font-size:18px;\"><h4 class=\"fusion-title-heading title-heading-left\" style=\"margin:0;font-size:1em;line-height:20px;\"><p class=\"p1\"><b>Base l\u00e9gale<\/b><\/p><\/h4><\/div><div class=\"fusion-text fusion-text-3\" style=\"--awb-font-size:16px;--awb-line-height:30px;\"><p class=\"p1\">Les cookies techniques sont utilis\u00e9s sur la base de l\u2019int\u00e9r\u00eat l\u00e9gitime.<\/p>\n<p class=\"p1\">Les cookies d\u2019analyse et de tiers sont utilis\u00e9s sur la base du consentement de l\u2019utilisateur.<\/p>\n<\/div><div class=\"fusion-separator fusion-full-width-sep\" style=\"align-self: center;margin-left: auto;margin-right: auto;width:100%;\"><div class=\"fusion-separator-border sep-single sep-solid\" style=\"--awb-height:20px;--awb-amount:20px;--awb-sep-color:var(--awb-color2);border-color:var(--awb-color2);border-top-width:1px;\"><\/div><\/div><\/div><\/div><div class=\"fusion-layout-column fusion_builder_column fusion-builder-column-4 fusion_builder_column_1_1 1_1 fusion-flex-column\" style=\"--awb-bg-size:cover;--awb-width-large:100%;--awb-margin-top-large:0px;--awb-spacing-right-large:50px;--awb-margin-bottom-large:20px;--awb-spacing-left-large:50px;--awb-width-medium:100%;--awb-order-medium:0;--awb-spacing-right-medium:50px;--awb-spacing-left-medium:50px;--awb-width-small:100%;--awb-order-small:0;--awb-spacing-right-small:50px;--awb-spacing-left-small:50px;\"><div class=\"fusion-column-wrapper fusion-column-has-shadow fusion-flex-justify-content-flex-start fusion-content-layout-column\"><div class=\"fusion-title title fusion-title-5 fusion-sep-none fusion-title-text fusion-title-size-four\" style=\"--awb-text-color:var(--awb-color4);--awb-margin-bottom:30px;--awb-margin-top-small:10px;--awb-margin-right-small:0px;--awb-margin-bottom-small:10px;--awb-margin-left-small:0px;--awb-font-size:18px;\"><h4 class=\"fusion-title-heading title-heading-left\" style=\"margin:0;font-size:1em;line-height:20px;\"><p class=\"p1\"><b>Cons\u00e9quences du refus des cookies<\/b><\/p><\/h4><\/div><div class=\"fusion-text fusion-text-4\" style=\"--awb-font-size:16px;--awb-line-height:30px;\"><p class=\"p1\">Le refus des cookies peut affecter le bon fonctionnement du site et limiter certaines fonctionnalit\u00e9s.<\/p>\n<\/div><div class=\"fusion-separator fusion-full-width-sep\" style=\"align-self: center;margin-left: auto;margin-right: auto;width:100%;\"><div class=\"fusion-separator-border sep-single sep-solid\" style=\"--awb-height:20px;--awb-amount:20px;--awb-sep-color:var(--awb-color2);border-color:var(--awb-color2);border-top-width:1px;\"><\/div><\/div><\/div><\/div><div class=\"fusion-layout-column fusion_builder_column fusion-builder-column-5 fusion_builder_column_1_1 1_1 fusion-flex-column\" style=\"--awb-bg-size:cover;--awb-width-large:100%;--awb-margin-top-large:0px;--awb-spacing-right-large:50px;--awb-margin-bottom-large:20px;--awb-spacing-left-large:50px;--awb-width-medium:100%;--awb-order-medium:0;--awb-spacing-right-medium:50px;--awb-spacing-left-medium:50px;--awb-width-small:100%;--awb-order-small:0;--awb-spacing-right-small:50px;--awb-spacing-left-small:50px;\"><div class=\"fusion-column-wrapper fusion-column-has-shadow fusion-flex-justify-content-flex-start fusion-content-layout-column\"><div class=\"fusion-title title fusion-title-6 fusion-sep-none fusion-title-text fusion-title-size-four\" style=\"--awb-text-color:var(--awb-color4);--awb-margin-bottom:30px;--awb-margin-top-small:10px;--awb-margin-right-small:0px;--awb-margin-bottom-small:10px;--awb-margin-left-small:0px;--awb-font-size:18px;\"><h4 class=\"fusion-title-heading title-heading-left\" style=\"margin:0;font-size:1em;line-height:20px;\"><p class=\"p1\"><b>Mise \u00e0 jour<\/b><\/p><\/h4><\/div><div class=\"fusion-text fusion-text-5\" style=\"--awb-font-size:16px;--awb-line-height:30px;\"><p class=\"p1\">Cette politique de cookies peut \u00eatre mise \u00e0 jour en fonction des \u00e9volutions l\u00e9gales ou techniques.<\/p>\n<\/div><div class=\"fusion-separator fusion-full-width-sep\" style=\"align-self: center;margin-left: auto;margin-right: auto;width:100%;\"><div class=\"fusion-separator-border sep-single sep-solid\" style=\"--awb-height:20px;--awb-amount:20px;--awb-sep-color:var(--awb-color2);border-color:var(--awb-color2);border-top-width:1px;\"><\/div><\/div><\/div><\/div><\/div><\/div><div class=\"fusion-fullwidth fullwidth-box fusion-builder-row-2 fusion-flex-container has-pattern-background has-mask-background fusion-parallax-none nonhundred-percent-fullwidth non-hundred-percent-height-scrolling fusion-no-small-visibility\" style=\"--awb-border-radius-top-left:0px;--awb-border-radius-top-right:0px;--awb-border-radius-bottom-right:0px;--awb-border-radius-bottom-left:0px;--awb-padding-top:100px;--awb-padding-bottom:100px;--awb-background-image:url(&quot;http:\/\/octiane.com\/wp-content\/uploads\/2026\/03\/CTA.png&quot;);--awb-background-size:cover;--awb-flex-wrap:wrap;\" ><div class=\"fusion-builder-row fusion-row fusion-flex-align-items-flex-start fusion-flex-content-wrap\" style=\"max-width:1248px;margin-left: calc(-4% \/ 2 );margin-right: calc(-4% \/ 2 );\"><div class=\"fusion-layout-column fusion_builder_column fusion-builder-column-6 fusion_builder_column_1_1 1_1 fusion-flex-column\" style=\"--awb-bg-size:cover;--awb-width-large:100%;--awb-margin-top-large:0px;--awb-spacing-right-large:1.92%;--awb-margin-bottom-large:20px;--awb-spacing-left-large:1.92%;--awb-width-medium:100%;--awb-order-medium:0;--awb-spacing-right-medium:1.92%;--awb-spacing-left-medium:1.92%;--awb-width-small:100%;--awb-order-small:0;--awb-spacing-right-small:1.92%;--awb-spacing-left-small:1.92%;\"><div class=\"fusion-column-wrapper fusion-column-has-shadow fusion-flex-justify-content-flex-start fusion-content-layout-column\"><div class=\"fusion-text fusion-text-6\" style=\"--awb-font-size:24px;--awb-line-height:100%;--awb-text-color:var(--awb-color1);\"><p style=\"text-align: center;\">Nous analysons, planifions, int\u00e9grons et optimisons avec vous.<\/p>\n<\/div><div class=\"fusion-text fusion-text-7\" style=\"--awb-font-size:36px;--awb-text-color:var(--awb-color1);\"><p style=\"text-align: center;\"><strong>Nous testons, validons et grandissons \u00e0 vos c\u00f4t\u00e9s.<\/strong><\/p>\n<\/div><div style=\"text-align:center;\"><a class=\"fusion-button button-flat fusion-button-default-size button-default fusion-button-default button-1 fusion-button-span-no fusion-button-default-type\" target=\"_self\" href=\"https:\/\/octiane.com\/index.php\/fr\/contact\/\"><span class=\"fusion-button-text awb-button__text awb-button__text--default\">D\u00e9couvrez comment nous pouvons vous accompagner<\/span><\/a><\/div><\/div><\/div><\/div><\/div><div class=\"fusion-fullwidth fullwidth-box fusion-builder-row-3 fusion-flex-container has-pattern-background has-mask-background fusion-parallax-none nonhundred-percent-fullwidth non-hundred-percent-height-scrolling fusion-no-medium-visibility fusion-no-large-visibility\" style=\"--awb-border-radius-top-left:0px;--awb-border-radius-top-right:0px;--awb-border-radius-bottom-right:0px;--awb-border-radius-bottom-left:0px;--awb-padding-top:100px;--awb-padding-bottom:100px;--awb-background-image:url(&quot;http:\/\/octiane.com\/wp-content\/uploads\/2026\/03\/CTA.png&quot;);--awb-background-size:cover;--awb-flex-wrap:wrap;\" ><div class=\"fusion-builder-row fusion-row fusion-flex-align-items-flex-start fusion-flex-content-wrap\" style=\"max-width:1248px;margin-left: calc(-4% \/ 2 );margin-right: calc(-4% \/ 2 );\"><div class=\"fusion-layout-column fusion_builder_column fusion-builder-column-7 fusion_builder_column_1_1 1_1 fusion-flex-column\" style=\"--awb-bg-size:cover;--awb-width-large:100%;--awb-margin-top-large:0px;--awb-spacing-right-large:1.92%;--awb-margin-bottom-large:20px;--awb-spacing-left-large:1.92%;--awb-width-medium:100%;--awb-order-medium:0;--awb-spacing-right-medium:1.92%;--awb-spacing-left-medium:1.92%;--awb-width-small:100%;--awb-order-small:0;--awb-spacing-right-small:1.92%;--awb-spacing-left-small:1.92%;\"><div class=\"fusion-column-wrapper fusion-column-has-shadow fusion-flex-justify-content-flex-start fusion-content-layout-column\"><div class=\"fusion-text fusion-text-8\" style=\"--awb-font-size:16px;--awb-line-height:30px;--awb-text-color:var(--awb-color1);\"><p style=\"text-align: center;\">Nous analysons, planifions, int\u00e9grons et optimisons avec vous.<\/p>\n<\/div><div class=\"fusion-text fusion-text-9\" style=\"--awb-font-size:24px;--awb-text-color:var(--awb-color1);\"><p style=\"text-align: center;\"><strong>Nous testons, validons et grandissons \u00e0 vos c\u00f4t\u00e9s.<\/strong><\/p>\n<\/div><div style=\"text-align:center;\"><a class=\"fusion-button button-flat fusion-button-default-size button-default fusion-button-default button-2 fusion-button-span-no fusion-button-default-type\" target=\"_self\" href=\"https:\/\/octiane.com\/index.php\/fr\/contact\/\"><span class=\"fusion-button-text awb-button__text awb-button__text--default\">D\u00e9couvrez comment nous pouvons vous accompagner<\/span><\/a><\/div><\/div><\/div><\/div><\/div><\/p>\n","protected":false},"excerpt":{"rendered":"","protected":false},"author":2,"featured_media":0,"parent":0,"menu_order":0,"comment_status":"closed","ping_status":"closed","template":"100-width.php","meta":{"inline_featured_image":false,"footnotes":""},"class_list":["post-762","page","type-page","status-publish","hentry"],"_links":{"self":[{"href":"https:\/\/octiane.com\/index.php\/wp-json\/wp\/v2\/pages\/762","targetHints":{"allow":["GET"]}}],"collection":[{"href":"https:\/\/octiane.com\/index.php\/wp-json\/wp\/v2\/pages"}],"about":[{"href":"https:\/\/octiane.com\/index.php\/wp-json\/wp\/v2\/types\/page"}],"author":[{"embeddable":true,"href":"https:\/\/octiane.com\/index.php\/wp-json\/wp\/v2\/users\/2"}],"replies":[{"embeddable":true,"href":"https:\/\/octiane.com\/index.php\/wp-json\/wp\/v2\/comments?post=762"}],"version-history":[{"count":2,"href":"https:\/\/octiane.com\/index.php\/wp-json\/wp\/v2\/pages\/762\/revisions"}],"predecessor-version":[{"id":772,"href":"https:\/\/octiane.com\/index.php\/wp-json\/wp\/v2\/pages\/762\/revisions\/772"}],"wp:attachment":[{"href":"https:\/\/octiane.com\/index.php\/wp-json\/wp\/v2\/media?parent=762"}],"curies":[{"name":"wp","href":"https:\/\/api.w.org\/{rel}","templated":true}]}}